{"id":74,"date":"2021-02-18T17:31:10","date_gmt":"2021-02-18T17:31:10","guid":{"rendered":"http:\/\/ep2021.euro-paint.info\/?page_id=74"},"modified":"2021-07-05T18:13:26","modified_gmt":"2021-07-05T18:13:26","slug":"news","status":"publish","type":"page","link":"https:\/\/euro-paint.info\/de\/news\/","title":{"rendered":"NEWS"},"content":{"rendered":"<div class=\"fusion-fullwidth fullwidth-box fusion-builder-row-1 fusion-flex-container nonhundred-percent-fullwidth non-hundred-percent-height-scrolling\" style=\"--awb-background-position:left top;--awb-border-sizes-top:0px;--awb-border-sizes-bottom:0px;--awb-border-sizes-left:0px;--awb-border-sizes-right:0px;--awb-border-radius-top-left:0px;--awb-border-radius-top-right:0px;--awb-border-radius-bottom-right:0px;--awb-border-radius-bottom-left:0px;--awb-padding-top:90px;--awb-padding-bottom:30px;--awb-background-color:#faf9f8;--awb-flex-wrap:wrap;\" ><div class=\"fusion-builder-row fusion-row fusion-flex-align-items-flex-start fusion-flex-content-wrap\" style=\"max-width:1248px;margin-left: calc(-4% \/ 2 );margin-right: calc(-4% \/ 2 );\"><div class=\"fusion-layout-column fusion_builder_column fusion-builder-column-0 fusion_builder_column_1_6 1_6 fusion-flex-column fusion-no-small-visibility\" style=\"--awb-bg-size:cover;--awb-width-large:16.666666666667%;--awb-margin-top-large:0px;--awb-spacing-right-large:11.52%;--awb-margin-bottom-large:20px;--awb-spacing-left-large:11.52%;--awb-width-medium:16.666666666667%;--awb-spacing-right-medium:11.52%;--awb-spacing-left-medium:11.52%;--awb-width-small:100%;--awb-spacing-right-small:1.92%;--awb-spacing-left-small:1.92%;\"><div class=\"fusion-column-wrapper fusion-flex-justify-content-flex-start fusion-content-layout-column\"><\/div><\/div><div class=\"fusion-layout-column fusion_builder_column fusion-builder-column-1 fusion_builder_column_2_3 2_3 fusion-flex-column\" style=\"--awb-bg-size:cover;--awb-width-large:66.666666666667%;--awb-margin-top-large:0px;--awb-spacing-right-large:2.88%;--awb-margin-bottom-large:3%;--awb-spacing-left-large:2.88%;--awb-width-medium:66.666666666667%;--awb-spacing-right-medium:2.88%;--awb-spacing-left-medium:2.88%;--awb-width-small:100%;--awb-spacing-right-small:1.92%;--awb-spacing-left-small:1.92%;\"><div class=\"fusion-column-wrapper fusion-flex-justify-content-flex-start fusion-content-layout-column\"><div class=\"fusion-blog-shortcode fusion-blog-shortcode-1 fusion-blog-archive fusion-blog-layout-large-alternate fusion-blog-no\"><div class=\"fusion-posts-container fusion-posts-container-no fusion-no-meta-info fusion-blog-rollover\" data-pages=\"0\"><article id=\"blog-1-post-3874\" class=\"fusion-post-large-alternate fusion-sticky post-3874 post type-post status-publish format-standard has-post-thumbnail hentry category-euro-paint\">\n\t<style type=\"text\/css\">\n\t\t\n\t\t\n\t\t\n\t\t\n\t\t\t<\/style>\n\n\n\t\t\t<div class=\"fusion-flexslider flexslider fusion-flexslider-loading fusion-post-slideshow\" style=\"\">\n\t\t<ul class=\"slides\">\n\t\t\t\n\t\t\t\t\t\t\t\t\t\t\t\t\t\t<li><div  class=\"fusion-image-wrapper\" aria-haspopup=\"true\">\n\t\t\t\t<img decoding=\"async\" width=\"1080\" height=\"1350\" src=\"https:\/\/euro-paint.info\/wp-content\/uploads\/Termin-Euro-Paint.png\" class=\"attachment-full size-full wp-post-image\" alt=\"\" srcset=\"https:\/\/euro-paint.info\/wp-content\/uploads\/Termin-Euro-Paint-200x250.png 200w, https:\/\/euro-paint.info\/wp-content\/uploads\/Termin-Euro-Paint-400x500.png 400w, https:\/\/euro-paint.info\/wp-content\/uploads\/Termin-Euro-Paint-600x750.png 600w, https:\/\/euro-paint.info\/wp-content\/uploads\/Termin-Euro-Paint-800x1000.png 800w, https:\/\/euro-paint.info\/wp-content\/uploads\/Termin-Euro-Paint.png 1080w\" sizes=\"(max-width: 640px) 100vw, 800px\" \/><div class=\"fusion-rollover\">\n\t<div class=\"fusion-rollover-content\">\n\n\t\t\t\t\t\t\t\t\t\t\t\t\t\t<a class=\"fusion-rollover-link\" href=\"https:\/\/euro-paint.info\/de\/euro-paint-2026\/\">EURO PAINT 2026<\/a>\n\t\t\t\n\t\t\t\t\t\t\t\t\t\t\t\t\t\t\n\t\t\t\t\t\t\t\t\n\t\t\t\t\t\t\t\t\t\t\t\t\t<div class=\"fusion-rollover-sep\"><\/div>\n\t\t\t\t\n\t\t\t\t\t\t\t\t\t\t\t\t\t\t\t\t\t\t<a class=\"fusion-rollover-gallery\" href=\"https:\/\/euro-paint.info\/wp-content\/uploads\/Termin-Euro-Paint.png\" data-options=\"\" data-id=\"3874\" data-rel=\"iLightbox[gallery]\" data-title=\"Termin Euro Paint\" data-caption=\"\">\n\t\t\t\t\t\tGallerie\t\t\t\t\t<\/a>\n\t\t\t\t\t\t\t\t\t\t\t\t\t\t\n\t\t\n\t\t\t\t\t\t\t\t\t\t\t\t<h4 class=\"fusion-rollover-title\">\n\t\t\t\t\t<a class=\"fusion-rollover-title-link\" href=\"https:\/\/euro-paint.info\/de\/euro-paint-2026\/\">\n\t\t\t\t\t\tEURO PAINT 2026\t\t\t\t\t<\/a>\n\t\t\t\t<\/h4>\n\t\t\t\n\t\t\t\t\t\t\t\t\t\t<div class=\"fusion-rollover-categories\"><a href=\"https:\/\/euro-paint.info\/de\/category\/euro-paint\/\" rel=\"tag\">EURO PAINT<\/a><\/div>\t\t\t\t\t\n\t\t\n\t\t\t\t\t\t<a class=\"fusion-link-wrapper\" href=\"https:\/\/euro-paint.info\/de\/euro-paint-2026\/\" aria-label=\"EURO PAINT 2026\"><\/a>\n\t<\/div>\n<\/div>\n<\/div>\n<\/li>\n\t\t\t\n\t\t\t\n\t\t\t\t\t\t\t\t\t\t\t\t\t\t\t\t\t\t\t\t\t\t\t\t\t\t\t\t\t\t\t\t\t\t\t\t\t\t\t\t\t\t\t\t\t\t\t\t\t\t\t\t\t\t\t\t\t\t\t\t\t\t\t\t\t\t\t\t<\/ul>\n\t<\/div>\n\t<div class=\"fusion-date-and-formats\"><div class=\"fusion-date-box updated\"><span class=\"fusion-date\">23<\/span><span class=\"fusion-month-year\">09, 2025<\/span><\/div><div class=\"fusion-format-box\"><i class=\"awb-icon-pen\" aria-hidden=\"true\"><\/i><\/div><\/div><div class=\"fusion-post-content post-content\"><h2 class=\"blog-shortcode-post-title entry-title\"><a href=\"https:\/\/euro-paint.info\/de\/euro-paint-2026\/\">EURO PAINT 2026<\/a><\/h2><div class=\"fusion-post-content-container\"><p>EURO PAINT 2026 Vom 20.\u201330. August 2026 wird Kreuth wieder zur B\u00fchne f\u00fcr die gr\u00f6\u00dfte Paint Horse Show au\u00dferhalb der USA. Euch erwarten zehn Tage voller Sport auf h\u00f6chstem Niveau, internationale Begegnungen und ein einzigartiges Paint Horse-Feeling. Seid dabei, wenn die EURO PAINT Kreuth zum Treffpunkt f\u00fcr Paint Horse Liebhaber aus ganz Europa macht. Kalender frei halten, Boots einpacken \u2013 und Vorfreude auf die EURO PAINT 2026!<\/p><\/div><\/div><div class=\"fusion-clearfix\"><\/div><\/article>\n<article id=\"blog-1-post-2457\" class=\"fusion-post-large-alternate post-2457 post type-post status-publish format-standard hentry category-euro-paint\">\n\t<style type=\"text\/css\">\n\t\t\n\t\t\n\t\t\n\t\t\n\t\t\t<\/style>\n\n\n<div class=\"fusion-date-and-formats\"><div class=\"fusion-date-box updated\"><span class=\"fusion-date\">8<\/span><span class=\"fusion-month-year\">05, 2024<\/span><\/div><div class=\"fusion-format-box\"><i class=\"awb-icon-pen\" aria-hidden=\"true\"><\/i><\/div><\/div><div class=\"fusion-post-content post-content\"><h2 class=\"blog-shortcode-post-title entry-title\"><a href=\"https:\/\/euro-paint.info\/de\/wichtig-clipping-regeln\/\">Wichtig: Clipping Regeln<\/a><\/h2><div class=\"fusion-post-content-container\"><p>Zum Start der Showsaison m\u00f6chten wir eure Aufmerksamkeit auf die Clipping-Regeln richten. Auf allen APHA- und PHCG-Shows in Deutschland ist das K\u00fcrzen und Entfernen folgender Haare nicht erlaubt: \u2013 Tasthaare am Maul \u2013 Wimpern der Augen \u2013 Haare im Augenbereich Folgende Haare d\u00fcrfen gek\u00fcrzt werden: \u2013 Hufbehang \u2013 Haare unterhalb der Kinnlade \u2013 Ohrenhaare jedoch bis max. plan zur Ohrenkante Regelverst\u00f6\u00dfe Es werden alle Pferde auf die Einhaltung der Clipping-Regeln [...]<\/p><\/div><\/div><div class=\"fusion-clearfix\"><\/div><\/article>\n<article id=\"blog-1-post-1817\" class=\"fusion-post-large-alternate post-1817 post type-post status-publish format-standard hentry category-euro-paint\">\n\t<style type=\"text\/css\">\n\t\t\n\t\t\n\t\t\n\t\t\n\t\t\t<\/style>\n\n\n<div class=\"fusion-date-and-formats\"><div class=\"fusion-date-box updated\"><span class=\"fusion-date\">3<\/span><span class=\"fusion-month-year\">07, 2023<\/span><\/div><div class=\"fusion-format-box\"><i class=\"awb-icon-pen\" aria-hidden=\"true\"><\/i><\/div><\/div><div class=\"fusion-post-content post-content\"><h2 class=\"blog-shortcode-post-title entry-title\"><a href=\"https:\/\/euro-paint.info\/de\/show-infos-via-whatsapp\/\">Show Infos via WhatsApp<\/a><\/h2><div class=\"fusion-post-content-container\"><p>F\u00fcr alle wichtigen Informationen w\u00e4hrend der Show, tretet unserer WhatsApp Community bei. Einfach den QR Code scannen und schon seid ihr dabei. In dieser Gruppe k\u00f6nnen nur Admins etwas ver\u00f6ffentlichen, ihr erhaltet also nur die wirklich wichtigen Infos. Alternativ k\u00f6nnt ihr auch diesen Link nutzen: https:\/\/chat.whatsapp.com\/CKHGVkoOD2z4fDeUBEFOJe<\/p><\/div><\/div><div class=\"fusion-clearfix\"><\/div><\/article>\n<article id=\"blog-1-post-1806\" class=\"fusion-post-large-alternate post-1806 post type-post status-publish format-standard hentry category-euro-paint\">\n\t<style type=\"text\/css\">\n\t\t\n\t\t\n\t\t\n\t\t\n\t\t\t<\/style>\n\n\n<div class=\"fusion-date-and-formats\"><div class=\"fusion-date-box updated\"><span class=\"fusion-date\">3<\/span><span class=\"fusion-month-year\">07, 2023<\/span><\/div><div class=\"fusion-format-box\"><i class=\"awb-icon-pen\" aria-hidden=\"true\"><\/i><\/div><\/div><div class=\"fusion-post-content post-content\"><h2 class=\"blog-shortcode-post-title entry-title\"><a href=\"https:\/\/euro-paint.info\/de\/um-was-sollte-ich-mich-schon-jetzt-kuemmern-damit-einem-start-auf-der-euro-paint-nichts-im-wege-steht\/\">Um was sollte ich mich schon jetzt k\u00fcmmern, damit einem Start auf der Euro Paint nichts im Wege steht?<\/a><\/h2><div class=\"fusion-post-content-container\"><p>Wir m\u00f6chten euch auf die \u00fcblichen Dinge einmal kurz hinweisen, damit ihr euch bereits jetzt darum k\u00fcmmern k\u00f6nnt und dadurch Stress und Geld spart. Ist bereits ein Certificate of Registration (CoR) der APHA ausgestellt? Alle Pferde ben\u00f6tigen ein CoR. Bitte bedenkt, dass hierf\u00fcr inzwischen grunds\u00e4tzlich eine DNA-\u00dcberpr\u00fcfung notwendig ist und Papiere deswegen nicht auf der Show erstellt werden k\u00f6nnen. Um noch rechtzeitig ein CoR zu erhalten, solltet ihr euch sofort [...]<\/p><\/div><\/div><div class=\"fusion-clearfix\"><\/div><\/article>\n<article id=\"blog-1-post-1054\" class=\"fusion-post-large-alternate post-1054 post type-post status-publish format-standard hentry category-euro-paint\">\n\t<style type=\"text\/css\">\n\t\t\n\t\t\n\t\t\n\t\t\n\t\t\t<\/style>\n\n\n<div class=\"fusion-date-and-formats\"><div class=\"fusion-date-box updated\"><span class=\"fusion-date\">6<\/span><span class=\"fusion-month-year\">06, 2022<\/span><\/div><div class=\"fusion-format-box\"><i class=\"awb-icon-pen\" aria-hidden=\"true\"><\/i><\/div><\/div><div class=\"fusion-post-content post-content\"><h2 class=\"blog-shortcode-post-title entry-title\"><a href=\"https:\/\/euro-paint.info\/de\/phcg-nennportal-wie-funktioniert-das\/\">PHCG Nennportal &#8211; wie funktioniert das?<\/a><\/h2><div class=\"fusion-post-content-container\"><p>Als erstes m\u00fcsst Ihr euch im Nennportal unter https:\/\/nennung.phcg.de registrieren! Hier m\u00fcsst Ihr Euch als Teilnehmer einmalig registrieren und k\u00f6nnt in Zukunft jede weitere Nennung ohne erneute Eingabe erledigen. Das hei\u00dft wer sich bereits in den letzten Jahren registriert hat, muss dies nicht wieder tun. Falls ihr unsicher seid, mit welcher email Adresse Ihr Euch registriert habt, schickt eine kurze email an nennung@phcg.de , wir k\u00f6nnen das f\u00fcr Euch nachsehen. [...]<\/p><\/div><\/div><div class=\"fusion-clearfix\"><\/div><\/article>\n<\/div><\/div><\/div><\/div><div class=\"fusion-layout-column fusion_builder_column fusion-builder-column-2 fusion_builder_column_1_6 1_6 fusion-flex-column fusion-no-small-visibility\" style=\"--awb-bg-size:cover;--awb-width-large:16.666666666667%;--awb-margin-top-large:0px;--awb-spacing-right-large:11.52%;--awb-margin-bottom-large:20px;--awb-spacing-left-large:11.52%;--awb-width-medium:16.666666666667%;--awb-spacing-right-medium:11.52%;--awb-spacing-left-medium:11.52%;--awb-width-small:100%;--awb-spacing-right-small:1.92%;--awb-spacing-left-small:1.92%;\"><div class=\"fusion-column-wrapper fusion-flex-justify-content-flex-start fusion-content-layout-column\"><\/div><\/div><\/div><\/div>\n","protected":false},"excerpt":{"rendered":"","protected":false},"author":1,"featured_media":0,"parent":0,"menu_order":0,"comment_status":"closed","ping_status":"closed","template":"100-width.php","meta":{"footnotes":""},"class_list":["post-74","page","type-page","status-publish","hentry"],"_links":{"self":[{"href":"https:\/\/euro-paint.info\/de\/wp-json\/wp\/v2\/pages\/74","targetHints":{"allow":["GET"]}}],"collection":[{"href":"https:\/\/euro-paint.info\/de\/wp-json\/wp\/v2\/pages"}],"about":[{"href":"https:\/\/euro-paint.info\/de\/wp-json\/wp\/v2\/types\/page"}],"author":[{"embeddable":true,"href":"https:\/\/euro-paint.info\/de\/wp-json\/wp\/v2\/users\/1"}],"replies":[{"embeddable":true,"href":"https:\/\/euro-paint.info\/de\/wp-json\/wp\/v2\/comments?post=74"}],"version-history":[{"count":0,"href":"https:\/\/euro-paint.info\/de\/wp-json\/wp\/v2\/pages\/74\/revisions"}],"wp:attachment":[{"href":"https:\/\/euro-paint.info\/de\/wp-json\/wp\/v2\/media?parent=74"}],"curies":[{"name":"wp","href":"https:\/\/api.w.org\/{rel}","templated":true}]}}