{"id":27,"date":"2021-02-18T15:08:53","date_gmt":"2021-02-18T15:08:53","guid":{"rendered":"http:\/\/ep2021.euro-paint.info\/?page_id=27"},"modified":"2026-03-21T11:36:40","modified_gmt":"2026-03-21T10:36:40","slug":"sponsoren","status":"publish","type":"page","link":"https:\/\/euro-paint.info\/de\/sponsoren\/","title":{"rendered":"SPONSOR WERDEN"},"content":{"rendered":"<p><div class=\"fusion-fullwidth fullwidth-box fusion-builder-row-1 fusion-flex-container nonhundred-percent-fullwidth non-hundred-percent-height-scrolling\" style=\"--awb-border-radius-top-left:0px;--awb-border-radius-top-right:0px;--awb-border-radius-bottom-right:0px;--awb-border-radius-bottom-left:0px;--awb-flex-wrap:wrap;\" ><div class=\"fusion-builder-row fusion-row fusion-flex-align-items-flex-start fusion-flex-content-wrap\" style=\"max-width:1248px;margin-left: calc(-4% \/ 2 );margin-right: calc(-4% \/ 2 );\"><div class=\"fusion-layout-column fusion_builder_column fusion-builder-column-0 fusion_builder_column_1_1 1_1 fusion-flex-column\" style=\"--awb-bg-size:cover;--awb-width-large:100%;--awb-margin-top-large:0px;--awb-spacing-right-large:1.92%;--awb-margin-bottom-large:0px;--awb-spacing-left-large:1.92%;--awb-width-medium:100%;--awb-spacing-right-medium:1.92%;--awb-spacing-left-medium:1.92%;--awb-width-small:100%;--awb-spacing-right-small:1.92%;--awb-spacing-left-small:1.92%;\"><div class=\"fusion-column-wrapper fusion-flex-justify-content-flex-start fusion-content-layout-column\"><div class=\"fusion-text fusion-text-1\" style=\"--awb-content-alignment:justify;\"><h3>Werden Sie Sponsor!<\/h3>\n<div id=\"system-message-container\">\n<p>Nutzen Sie die Gelegenheit, offizieller Sponsor der EuroPaint zu werden &#8211; der gr\u00f6\u00dften APHA Show au\u00dferhalb Nordamerikas. Pr\u00e4sentieren Sie Ihr Unternehmen oder Produkt europaweit und profitieren Sie vom positiven Image unserer Veranstaltung. Erreichen Sei gezielt Ihre Zielgruppe und kn\u00fcpfen Sie wertvolle Kontakte im europ\u00e4ischen Raum, die mit herk\u00f6mmlichen Werbemethoden oft nicht m\u00f6glich sind!<\/p>\n<p>Je nach Umfang Ihres Sponsorings bieten sich Ihnen verschiedene M\u00f6glichkeiten:<\/p>\n<ul>\n<li>Namensgebung f\u00fcr eine Preisgeldklasse: Verleihen Sie einer Klasse Ihren Namen durch ein Preisgeld.<\/li>\n<li>Platzierung Ihres Logos: Ihr Logo und ein Link zu Ihrer Website k\u00f6nnen auf der Startseite unserer Internetseite sowie im Sponsoring-Bereich unserer Internetseite platziert werden.<\/li>\n<li>Werbeanzeige im Programm: Schalten Sie eine Anzeige in unserem Veranstaltungsprogrammheft.<\/li>\n<li>Werbebanner in der Showarena: Platzieren Sie ein Werbebanner in der Showarena, um maximale Sichtbarkeit zu erzielen.<\/li>\n<\/ul>\n<p>Werden Sie Teil unseres Erfolgs und profitieren Sie als Werbepartner von dieser einzigartigen Plattform!<\/p>\n<\/div>\n<div>\n<div>\n<h3>Werbepartner werden<\/h3>\n<p>Platzieren Sie Ihre <strong>Werbung\u00a0<\/strong>in unserem Din A4 (vierfarbig)<strong>\u00a0PROGRAMM<\/strong> und machen Sie die europ\u00e4ische Paint Horse Gemeinde auf sich aufmerksam. Alle Preise zzgl. MwSt.<\/p>\n<\/div>\n<ul>\n<li><em>1\/1 Seite 4c DIN A4 Umschlagseite<\/em><br \/>\n170,00 Euro<\/li>\n<\/ul>\n<\/div>\n<ul>\n<li><em>1\/1 Seite 4c DIN A4<br \/>\n<\/em>120,00 Euro<\/li>\n<\/ul>\n<ul>\n<li><em>1\/2 Seite 4c DIN A4<br \/>\n<\/em>70,00 Euro<\/li>\n<\/ul>\n<ul>\n<li><em>Logo<br \/>\n<\/em>30,00 Euro<\/li>\n<\/ul>\n<div><\/div>\n<div><\/div>\n<div>\n<div>Au\u00dferdem ist eine<strong>\u00a0Anzeige\u00a0<\/strong>auf den Umschlagseiten des<strong>\u00a0PATTERN BOOK<\/strong>\u00a0m\u00f6glich:<\/div>\n<\/div>\n<div><\/div>\n<ul>\n<li><em>1\/1 Seite 4c DIN lang (10,5 x 21 cm) Titelseite<br \/>\n<\/em>60,00 Euro<\/li>\n<\/ul>\n<div><\/div>\n<div>\n<div>\n<div>\n<div>Sie k\u00f6nnen nat\u00fcrlich auch mit einem <strong>Werbebanner<\/strong> in der Showarena auf sich aufmerksam machen.<\/div>\n<\/div>\n<\/div>\n<\/div>\n<div><\/div>\n<ul>\n<li><em>1&#215;3 Meter<br \/>\n<\/em>100,00 Euro<\/li>\n<\/ul>\n<div>\n<div>\n<div><\/div>\n<\/div>\n<div>\n<p>Wir freuen uns \u00fcber eine Zusammenarbeit im Rahmen der EuroPaint.<\/p>\n<\/div>\n<div>\n<p>F\u00fcr Fragen oder weitere Informationen kontaktieren Sie bitte\u00a0<a href=\"http:\/\/sponsoring@phcg.de\">sponsoring@phcg.de<\/a><\/p>\n<\/div>\n<div>\n<p><a href=\"https:\/\/euro-paint.info\/wp-content\/uploads\/PHCG-Sponsorship-EP-GP_END.pdf\">SPONSOR M\u00d6GLICHKEITEN<\/a><\/p>\n<\/div>\n<\/div>\n<\/div><\/div><\/div><\/div><\/div><div class=\"fusion-fullwidth fullwidth-box fusion-builder-row-2 fusion-flex-container nonhundred-percent-fullwidth non-hundred-percent-height-scrolling\" style=\"--awb-border-radius-top-left:0px;--awb-border-radius-top-right:0px;--awb-border-radius-bottom-right:0px;--awb-border-radius-bottom-left:0px;--awb-flex-wrap:wrap;\" ><div class=\"fusion-builder-row fusion-row fusion-flex-align-items-flex-start fusion-flex-content-wrap\" style=\"max-width:1248px;margin-left: calc(-4% \/ 2 );margin-right: calc(-4% \/ 2 );\"><div class=\"fusion-layout-column fusion_builder_column fusion-builder-column-1 fusion_builder_column_1_1 1_1 fusion-flex-column\" style=\"--awb-bg-size:cover;--awb-width-large:100%;--awb-margin-top-large:0px;--awb-spacing-right-large:1.92%;--awb-margin-bottom-large:0px;--awb-spacing-left-large:1.92%;--awb-width-medium:100%;--awb-spacing-right-medium:1.92%;--awb-spacing-left-medium:1.92%;--awb-width-small:100%;--awb-spacing-right-small:1.92%;--awb-spacing-left-small:1.92%;\"><div class=\"fusion-column-wrapper fusion-flex-justify-content-flex-start fusion-content-layout-column\"><\/div><\/div><\/div><\/div><\/p>\n","protected":false},"excerpt":{"rendered":"","protected":false},"author":1,"featured_media":0,"parent":0,"menu_order":0,"comment_status":"closed","ping_status":"closed","template":"","meta":{"footnotes":""},"class_list":["post-27","page","type-page","status-publish","hentry"],"_links":{"self":[{"href":"https:\/\/euro-paint.info\/de\/wp-json\/wp\/v2\/pages\/27","targetHints":{"allow":["GET"]}}],"collection":[{"href":"https:\/\/euro-paint.info\/de\/wp-json\/wp\/v2\/pages"}],"about":[{"href":"https:\/\/euro-paint.info\/de\/wp-json\/wp\/v2\/types\/page"}],"author":[{"embeddable":true,"href":"https:\/\/euro-paint.info\/de\/wp-json\/wp\/v2\/users\/1"}],"replies":[{"embeddable":true,"href":"https:\/\/euro-paint.info\/de\/wp-json\/wp\/v2\/comments?post=27"}],"version-history":[{"count":4,"href":"https:\/\/euro-paint.info\/de\/wp-json\/wp\/v2\/pages\/27\/revisions"}],"predecessor-version":[{"id":3916,"href":"https:\/\/euro-paint.info\/de\/wp-json\/wp\/v2\/pages\/27\/revisions\/3916"}],"wp:attachment":[{"href":"https:\/\/euro-paint.info\/de\/wp-json\/wp\/v2\/media?parent=27"}],"curies":[{"name":"wp","href":"https:\/\/api.w.org\/{rel}","templated":true}]}}